{"id":95,"date":"2018-10-29T20:39:01","date_gmt":"2018-10-29T18:39:01","guid":{"rendered":"http:\/\/www.bnmsp.de\/home\/lohrer-mopper\/wp\/?page_id=95"},"modified":"2025-11-20T12:00:40","modified_gmt":"2025-11-20T11:00:40","slug":"das-praesidium","status":"publish","type":"page","link":"https:\/\/www.lohrer-mopper.de\/?page_id=95","title":{"rendered":"\ufeffDie Sitzungspr\u00e4sidenten"},"content":{"rendered":"\n<div class=\"wp-block-columns\">\n<div class=\"wp-block-column\">\n<p><strong>Michael Schecher<br><\/strong>Ehren-Sitzungspr\u00e4sident<\/p>\n\n\n\n<p class=\"has-small-font-size\">Eichenstra\u00dfe 7<br>97816 Lohr a. Main<br>Telefon priv.: 09352 \/ 7272<br>E-Mail: michaelschecher@t-online.de<\/p>\n<\/div>\n\n\n\n<div class=\"wp-block-column\">\n<p><strong>Benedikt Schmitt<br><\/strong>Sitzungspr\u00e4sident<\/p>\n\n\n\n<p class=\"has-small-font-size\">Eichhornstra\u00dfe 1<br>97816 Lohr a. Main <br>E-Mail: benedikt.schmitt@kolping-lohr.de<\/p>\n<\/div>\n\n\n\n<div class=\"wp-block-column\">\n<p><strong>Arno Schmitt<br><\/strong>Ehren-Sitzungspr\u00e4sident<\/p>\n\n\n\n<p class=\"has-small-font-size\">Valentin-Peter-Stra\u00dfe 6e<br>97816 Lohr a. Main<br>Telefon priv.: 09352 \/ 7565<br>E-Mail: webarno@web.de<\/p>\n<\/div>\n<\/div>\n\n\n\n<figure class=\"wp-block-image size-large\"><img loading=\"lazy\" width=\"1680\" height=\"1120\" src=\"https:\/\/www.lohrer-mopper.de\/wp-content\/uploads\/9262d60a-1152-40a3-891c-489ba9a01b36-1680x1120.jpeg\" alt=\"\" class=\"wp-image-20157\" srcset=\"https:\/\/www.lohrer-mopper.de\/wp-content\/uploads\/9262d60a-1152-40a3-891c-489ba9a01b36-1680x1120.jpeg 1680w, https:\/\/www.lohrer-mopper.de\/wp-content\/uploads\/9262d60a-1152-40a3-891c-489ba9a01b36-800x533.jpeg 800w, https:\/\/www.lohrer-mopper.de\/wp-content\/uploads\/9262d60a-1152-40a3-891c-489ba9a01b36-768x512.jpeg 768w, https:\/\/www.lohrer-mopper.de\/wp-content\/uploads\/9262d60a-1152-40a3-891c-489ba9a01b36-1536x1024.jpeg 1536w, https:\/\/www.lohrer-mopper.de\/wp-content\/uploads\/9262d60a-1152-40a3-891c-489ba9a01b36-2048x1366.jpeg 2048w\" sizes=\"(max-width: 1680px) 100vw, 1680px\" \/><\/figure>\n","protected":false},"excerpt":{"rendered":"<p>Michael SchecherEhren-Sitzungspr\u00e4sident Eichenstra\u00dfe 797816 Lohr a. MainTelefon priv.: 09352 \/ 7272E-Mail: michaelschecher@t-online.de Benedikt SchmittSitzungspr\u00e4sident Eichhornstra\u00dfe 197816 Lohr a. Main E-Mail: benedikt.schmitt@kolping-lohr.de Arno SchmittEhren-Sitzungspr\u00e4sident Valentin-Peter-Stra\u00dfe 6e97816 Lohr a. MainTelefon priv.: 09352 \/ 7565E-Mail: webarno@web.de<\/p>\n","protected":false},"author":1,"featured_media":0,"parent":7,"menu_order":0,"comment_status":"closed","ping_status":"closed","template":"","meta":{"ngg_post_thumbnail":0,"_links_to":"","_links_to_target":""},"_links":{"self":[{"href":"https:\/\/www.lohrer-mopper.de\/index.php?rest_route=\/wp\/v2\/pages\/95"}],"collection":[{"href":"https:\/\/www.lohrer-mopper.de\/index.php?rest_route=\/wp\/v2\/pages"}],"about":[{"href":"https:\/\/www.lohrer-mopper.de\/index.php?rest_route=\/wp\/v2\/types\/page"}],"author":[{"embeddable":true,"href":"https:\/\/www.lohrer-mopper.de\/index.php?rest_route=\/wp\/v2\/users\/1"}],"replies":[{"embeddable":true,"href":"https:\/\/www.lohrer-mopper.de\/index.php?rest_route=%2Fwp%2Fv2%2Fcomments&post=95"}],"version-history":[{"count":45,"href":"https:\/\/www.lohrer-mopper.de\/index.php?rest_route=\/wp\/v2\/pages\/95\/revisions"}],"predecessor-version":[{"id":20161,"href":"https:\/\/www.lohrer-mopper.de\/index.php?rest_route=\/wp\/v2\/pages\/95\/revisions\/20161"}],"up":[{"embeddable":true,"href":"https:\/\/www.lohrer-mopper.de\/index.php?rest_route=\/wp\/v2\/pages\/7"}],"wp:attachment":[{"href":"https:\/\/www.lohrer-mopper.de\/index.php?rest_route=%2Fwp%2Fv2%2Fmedia&parent=95"}],"curies":[{"name":"wp","href":"https:\/\/api.w.org\/{rel}","templated":true}]}}