{"id":6976,"date":"2019-09-15T10:33:15","date_gmt":"2019-09-15T09:33:15","guid":{"rendered":"http:\/\/www.bnmsp.de\/home\/lohrer-mopper\/wp\/?page_id=6976"},"modified":"2019-09-18T16:01:59","modified_gmt":"2019-09-18T15:01:59","slug":"der-dunnerkeil","status":"publish","type":"page","link":"https:\/\/www.lohrer-mopper.de\/?page_id=6976","title":{"rendered":"Der Lohrer Dunnerkeil"},"content":{"rendered":"\n<p style=\"text-align:left\">Seit 1997 ehren die Lohrer Mopper, von Zeit zu  Zeit, eine Pers\u00f6nlichkeit mit dem Titel <br><strong>&#8220;<em>Lohrer DUNNERKEIL<\/em>&#8220;.<\/strong><br><br> Hierzu hat sich ein DUNNERKEIL-Komitee installiert, welches die Aufgabe hat, eine oder gegebenenfalls mehrere Personen ausfindig zu machen, der oder die etwas Au\u00dfergew\u00f6hnliches oder Unerwartetes geleistet haben, was<br> andere so schnell nicht tun w\u00fcrden.<br><br> Dabei ist es unerheblich, ob es sich bei dem Auszuzeichnenden um einen Mopper oder Schn\u00fcdel handelt. Wichtig ist, dass die vollbrachte Leistung in irgendeinem Zusammenhang mit unserer Heimat und unserer Heimatstadt Lohr steht.<br><br> F\u00fcr alle, die unserer fr\u00e4nkischen Mundart nicht m\u00e4chtig sind, die Definition des DUNNERKEILS:<br> Der &#8220;<strong>DUNNER<\/strong>&#8221; verschafft Geh\u00f6r und<br> der &#8220;<strong>KEIL<\/strong>&#8221; sitzt auf Anhieb.<br><br> Also liebe Freunde der L\u00f6hrer Mopper-Fasenacht, wir fordern Sie auf, sich in diesem Sinne zum Gemeinwohl der B\u00fcrger unserer Stadt und Heimat mit irgend einer au\u00dfergew\u00f6hnlichen positiven Idee oder unerwarteten Leistung verdient zu machen. Vielleicht stehen Sie dann eines Tages auf unserer B\u00fchne und werden zum &#8220;DUNNERKEIL&#8221; geehrt. Wir w\u00fcrden uns sehr freuen.<br><br><\/p>\n\n\n\n<p><strong>Die bisher ernannten Lohrer DUNNERKEILER sind:<br> <\/strong><br> <strong><a href=\"http:\/\/www.bnmsp.de\/home\/lohrer-mopper\/dunnerkeilbild_1997.htm\">1997:<\/a><br> Dr. Karl-Heinz Bartels  <\/strong>und<strong>  Helmuth Walch<br> <\/strong>Geburtshelfer und Ziehvater von Schneewittchen<br> <br> <strong><a href=\"http:\/\/www.bnmsp.de\/home\/lohrer-mopper\/dunnerkeilbild_1998.htm\">1998:<\/a><br> Eduard Stenger  <br> <\/strong>Urheber und Gestalter des Lohrer Schulmuseums <br> <br> <strong><a href=\"http:\/\/www.bnmsp.de\/home\/lohrer-mopper\/dunnerkeilbild_1999.htm\">1999:<\/a><br> Reinhold Lachmann <\/strong>und<strong> Siegfried Selinger<br> <\/strong>als &#8220;Katz und Maus&#8221; auf dem Markplatz<\/p>\n\n\n\n<p><strong><a href=\"http:\/\/www.bnmsp.de\/home\/lohrer-mopper\/dunnerkeilbild_2000.htm\">2000:<\/a><br>Anni V\u00e4th <\/strong>und<strong> Barbara Stamm (stv.Bayr. Ministerp\u00e4sidentin)<br><\/strong>f\u00fcr ihr soziales Engagement<\/p>\n\n\n\n<p><strong><a href=\"http:\/\/www.bnmsp.de\/home\/lohrer-mopper\/bilder_2001_2.htm\">2001:<\/a><br>\nDas Redaktionsteam&nbsp; der Main-Post<\/strong><br>\nf\u00fcr den &#8220;Bayerst\u00fcrmer&#8221;<\/p>\n\n\n\n<p><strong><a href=\"http:\/\/www.bnmsp.de\/home\/lohrer-mopper\/dunnerkeilbild_2002.htm\">\n2002:<\/a><br>\n\n<\/strong><strong>&#8220;Anekdote Kirchenkl\u00f6ppel-Verpacker&#8221;<\/strong><\/p>\n\n\n\n<p><strong>2017:<\/strong><br> <strong>Erst Huber<\/strong> <br> &#8220;In  Anerkennung seiner au\u00dfergew\u00f6hnlichen Verdienste als langj\u00e4hriger <br> internetter fotografischer Chronist des Lebens rund um unsere Heimatstadt<br> mit seiner Homepage: <a href=\"http:\/\/www.ernst-huber.de\/\">www.ernst-huber.de<\/a>&#8220;<\/p>\n\n\n\n<p>Vorsitzender des Dunnerkeil-Komitees:<br><a href=\"mailto:franz-wilhelm.weis@t-online.de?subject=Dunnerkeil%20Komitee\">Franz-Wilhelm\nWeis <\/a><\/p>\n","protected":false},"excerpt":{"rendered":"<p>Seit 1997 ehren die Lohrer Mopper, von Zeit zu Zeit, eine Pers\u00f6nlichkeit mit dem Titel &#8220;Lohrer DUNNERKEIL&#8220;. Hierzu hat sich ein DUNNERKEIL-Komitee installiert, welches die Aufgabe hat, eine oder gegebenenfalls mehrere Personen ausfindig zu machen, der oder die etwas Au\u00dfergew\u00f6hnliches oder Unerwartetes geleistet haben, was andere so schnell nicht tun w\u00fcrden. Dabei ist es unerheblich, &hellip; <a href=\"https:\/\/www.lohrer-mopper.de\/?page_id=6976\" class=\"more-link\"><span class=\"screen-reader-text\">Der Lohrer Dunnerkeil<\/span> weiterlesen <span class=\"meta-nav\">&rarr;<\/span><\/a><\/p>\n","protected":false},"author":2,"featured_media":0,"parent":0,"menu_order":0,"comment_status":"closed","ping_status":"closed","template":"","meta":{"ngg_post_thumbnail":0,"_links_to":"","_links_to_target":""},"_links":{"self":[{"href":"https:\/\/www.lohrer-mopper.de\/index.php?rest_route=\/wp\/v2\/pages\/6976"}],"collection":[{"href":"https:\/\/www.lohrer-mopper.de\/index.php?rest_route=\/wp\/v2\/pages"}],"about":[{"href":"https:\/\/www.lohrer-mopper.de\/index.php?rest_route=\/wp\/v2\/types\/page"}],"author":[{"embeddable":true,"href":"https:\/\/www.lohrer-mopper.de\/index.php?rest_route=\/wp\/v2\/users\/2"}],"replies":[{"embeddable":true,"href":"https:\/\/www.lohrer-mopper.de\/index.php?rest_route=%2Fwp%2Fv2%2Fcomments&post=6976"}],"version-history":[{"count":8,"href":"https:\/\/www.lohrer-mopper.de\/index.php?rest_route=\/wp\/v2\/pages\/6976\/revisions"}],"predecessor-version":[{"id":6986,"href":"https:\/\/www.lohrer-mopper.de\/index.php?rest_route=\/wp\/v2\/pages\/6976\/revisions\/6986"}],"wp:attachment":[{"href":"https:\/\/www.lohrer-mopper.de\/index.php?rest_route=%2Fwp%2Fv2%2Fmedia&parent=6976"}],"curies":[{"name":"wp","href":"https:\/\/api.w.org\/{rel}","templated":true}]}}