{"id":6288,"date":"2019-02-20T17:49:56","date_gmt":"2019-02-20T16:49:56","guid":{"rendered":"http:\/\/www.bnmsp.de\/home\/lohrer-mopper\/wp\/?page_id=6288"},"modified":"2025-01-16T21:14:21","modified_gmt":"2025-01-16T20:14:21","slug":"mitglied-werden","status":"publish","type":"page","link":"https:\/\/www.lohrer-mopper.de\/?page_id=6288","title":{"rendered":"Mitglied werden"},"content":{"rendered":"\n<p>Liebe\/r Faschingsfreund\/in<br>du m\u00f6chtest Mitglied bei den Lohrer Moppern werden und zusammen mit uns den Fasching in Lohr feiern, auf der B\u00fchne stehen oder uns als Aktiver hinter der B\u00fchne unterst\u00fctzen?<\/p>\n\n\n\n<p>Bei uns ist jeder willkommen, <strong>egal ob Mopper oder Schn\u00fcdel!<\/strong> <br>Also lade dir einfach das Anmeldeformular runter, f\u00fclle es aus und schicke es an:<br><br>Michael Schecher <br>Eichenstr. 7<br>97816 Lohr a. Main<\/p>\n\n\n\n<div class=\"wp-block-file\"><object class=\"wp-block-file__embed\" data=\"https:\/\/www.lohrer-mopper.de\/wp-content\/uploads\/Mitgliedererfassung_KFG8967.pdf\" type=\"application\/pdf\" style=\"width:100%;height:600px\" aria-label=\"Einbettung von KFG-Anmeldung.\"><\/object><a id=\"wp-block-file--media-544d2004-2541-467b-9a3b-0b553861b4c5\" href=\"https:\/\/www.lohrer-mopper.de\/wp-content\/uploads\/Mitgliedererfassung_KFG8967.pdf\">KFG-Anmeldung<\/a><a href=\"https:\/\/www.lohrer-mopper.de\/wp-content\/uploads\/Mitgliedererfassung_KFG8967.pdf\" class=\"wp-block-file__button\" download aria-describedby=\"wp-block-file--media-544d2004-2541-467b-9a3b-0b553861b4c5\">Herunterladen<\/a><\/div>\n\n\n\n<figure class=\"wp-block-table\"><table><tbody><tr><td><\/td><td>Jahresbeitrag<\/td><\/tr><tr><td>Kind<\/td><td>10,-\u20ac<\/td><\/tr><tr><td>Jugendliche<\/td><td>12,-\u20ac<\/td><\/tr><tr><td>Einzelmitglied<\/td><td>12,-\u20ac<\/td><\/tr><tr><td>Familie<\/td><td>20,-\u20ac<\/td><\/tr><\/tbody><\/table><\/figure>\n\n\n\n<h2>Kontaktdaten\u00e4nderung<\/h2>\n\n\n\n<p>Bei \u00c4nderung der Kontaktdaten eines Mitglieds bitte eine Mail mit den zu \u00e4ndernden Daten an Michael Schecher (michaelschecher@t-online.de) senden.<\/p>\n","protected":false},"excerpt":{"rendered":"<p>Liebe\/r Faschingsfreund\/indu m\u00f6chtest Mitglied bei den Lohrer Moppern werden und zusammen mit uns den Fasching in Lohr feiern, auf der B\u00fchne stehen oder uns als Aktiver hinter der B\u00fchne unterst\u00fctzen? Bei uns ist jeder willkommen, egal ob Mopper oder Schn\u00fcdel! Also lade dir einfach das Anmeldeformular runter, f\u00fclle es aus und schicke es an: Michael &hellip; <a href=\"https:\/\/www.lohrer-mopper.de\/?page_id=6288\" class=\"more-link\"><span class=\"screen-reader-text\">Mitglied werden<\/span> weiterlesen <span class=\"meta-nav\">&rarr;<\/span><\/a><\/p>\n","protected":false},"author":2,"featured_media":0,"parent":0,"menu_order":0,"comment_status":"closed","ping_status":"closed","template":"","meta":{"ngg_post_thumbnail":0,"_links_to":"","_links_to_target":""},"_links":{"self":[{"href":"https:\/\/www.lohrer-mopper.de\/index.php?rest_route=\/wp\/v2\/pages\/6288"}],"collection":[{"href":"https:\/\/www.lohrer-mopper.de\/index.php?rest_route=\/wp\/v2\/pages"}],"about":[{"href":"https:\/\/www.lohrer-mopper.de\/index.php?rest_route=\/wp\/v2\/types\/page"}],"author":[{"embeddable":true,"href":"https:\/\/www.lohrer-mopper.de\/index.php?rest_route=\/wp\/v2\/users\/2"}],"replies":[{"embeddable":true,"href":"https:\/\/www.lohrer-mopper.de\/index.php?rest_route=%2Fwp%2Fv2%2Fcomments&post=6288"}],"version-history":[{"count":26,"href":"https:\/\/www.lohrer-mopper.de\/index.php?rest_route=\/wp\/v2\/pages\/6288\/revisions"}],"predecessor-version":[{"id":19650,"href":"https:\/\/www.lohrer-mopper.de\/index.php?rest_route=\/wp\/v2\/pages\/6288\/revisions\/19650"}],"wp:attachment":[{"href":"https:\/\/www.lohrer-mopper.de\/index.php?rest_route=%2Fwp%2Fv2%2Fmedia&parent=6288"}],"curies":[{"name":"wp","href":"https:\/\/api.w.org\/{rel}","templated":true}]}}