{"id":6267,"date":"2019-02-20T17:43:12","date_gmt":"2019-02-20T16:43:12","guid":{"rendered":"http:\/\/www.bnmsp.de\/home\/lohrer-mopper\/wp\/?page_id=6267"},"modified":"2025-04-10T10:31:12","modified_gmt":"2025-04-10T09:31:12","slug":"technik-kueche","status":"publish","type":"page","link":"https:\/\/www.lohrer-mopper.de\/?page_id=6267","title":{"rendered":"Aktive hinter der B\u00fchne"},"content":{"rendered":"\n<h2>Technik<\/h2>\n\n\n\n<figure class=\"wp-block-image size-full is-resized\"><img loading=\"lazy\" src=\"https:\/\/www.lohrer-mopper.de\/wp-content\/uploads\/PHOTO-2025-03-21-21-33-35-1.jpg\" alt=\"\" class=\"wp-image-20032\" width=\"540\" height=\"497\" srcset=\"https:\/\/www.lohrer-mopper.de\/wp-content\/uploads\/PHOTO-2025-03-21-21-33-35-1.jpg 1080w, https:\/\/www.lohrer-mopper.de\/wp-content\/uploads\/PHOTO-2025-03-21-21-33-35-1-800x736.jpg 800w, https:\/\/www.lohrer-mopper.de\/wp-content\/uploads\/PHOTO-2025-03-21-21-33-35-1-768x706.jpg 768w\" sizes=\"(max-width: 540px) 100vw, 540px\" \/><figcaption>Daniel Feicht, Karl-Herrmann Hummel, Tobias Hummel, Matthias L\u00fcbeck, Julian L\u00fcbeck, Jonas L\u00fcbeck, Manuel Emrich, Markus Madre, Christian Sultan, Matthias Sendelbach, Dieter D\u00fclk<\/figcaption><\/figure>\n\n\n\n<h2>Bewirtung &amp; Service<\/h2>\n\n\n\n<p>Hans-Peter Schecher, Sven Gottschalk, Ewald Appel, Elke Schneider, Barbara Gabel, Annette Holewa, Christian Franz, Andrea Sopp-Feicht, Familie Sultan<\/p>\n\n\n\n<h2>Programmgestaltung &amp; Regie<\/h2>\n\n\n\n<p>Matthias Schneider <\/p>\n\n\n\n<h2>Veranstaltungsorganisation<\/h2>\n\n\n\n<p>Wito Schmidt, Julia Vogt, Michael Schecher, Yannik Kubis, Ruth &amp; Wolfgang Graf, Madeleine Holewa, Bene Schmitt, Tanja Aull, Manuel Emrich, Caro Sachse, <\/p>\n\n\n\n<h2>Kartenvorverkauf<\/h2>\n\n\n\n<p>Lisa-Marie Krautwald, Linda Siegler<\/p>\n\n\n\n<h2>Saal- und B\u00fchnenaufbau und Veranstaltungsr\u00e4ume<\/h2>\n\n\n\n<p>Hartmut Pfeffer, Michaela Franz, G\u00fcnter Lutz, Stefan Petschner, Caro Sachse<\/p>\n\n\n\n<p>Helfer B\u00fchnenaufbau: Georg Franz, Helmuth R\u00f6\u00dflein, Christian Sultan, Bernd Wagner, Ewald Appel, Hans-Peter Schecher, Wito Schmidt, Natale Villardo, Ruth Graf, Christoph M\u00fcller, Christian Franz, Michael Fischer, Karl-Hermann Hummel, Matthias Krautwald, Dirk Lorenz, Armin Wagner,<\/p>\n\n\n\n<h2>Kreativit\u00e4t<\/h2>\n\n\n\n<p>Michaela Franz, Madeleine Holewa, Sina Vormwald<\/p>\n\n\n\n<h2>Masken &amp; Frisuren<\/h2>\n\n\n\n<p>Ruth Graf, Madeleine Holewa, Stefanie Wolff und Helfer<\/p>\n\n\n\n<h2>Sponsoren \/ Liederheft<\/h2>\n\n\n\n<p>Ute Mallmann<\/p>\n\n\n\n<h2>\u00d6ffentlichkeitsarbeit &amp; Presse<\/h2>\n\n\n\n<p>Vanessa Horn, Bastian Bregenzer, Gregor Eisler<\/p>\n","protected":false},"excerpt":{"rendered":"<p>Technik Bewirtung &amp; Service Hans-Peter Schecher, Sven Gottschalk, Ewald Appel, Elke Schneider, Barbara Gabel, Annette Holewa, Christian Franz, Andrea Sopp-Feicht, Familie Sultan Programmgestaltung &amp; Regie Matthias Schneider Veranstaltungsorganisation Wito Schmidt, Julia Vogt, Michael Schecher, Yannik Kubis, Ruth &amp; Wolfgang Graf, Madeleine Holewa, Bene Schmitt, Tanja Aull, Manuel Emrich, Caro Sachse, Kartenvorverkauf Lisa-Marie Krautwald, Linda Siegler &hellip; <a href=\"https:\/\/www.lohrer-mopper.de\/?page_id=6267\" class=\"more-link\"><span class=\"screen-reader-text\">Aktive hinter der B\u00fchne<\/span> weiterlesen <span class=\"meta-nav\">&rarr;<\/span><\/a><\/p>\n","protected":false},"author":2,"featured_media":0,"parent":0,"menu_order":0,"comment_status":"closed","ping_status":"closed","template":"","meta":{"ngg_post_thumbnail":0,"_links_to":"","_links_to_target":""},"_links":{"self":[{"href":"https:\/\/www.lohrer-mopper.de\/index.php?rest_route=\/wp\/v2\/pages\/6267"}],"collection":[{"href":"https:\/\/www.lohrer-mopper.de\/index.php?rest_route=\/wp\/v2\/pages"}],"about":[{"href":"https:\/\/www.lohrer-mopper.de\/index.php?rest_route=\/wp\/v2\/types\/page"}],"author":[{"embeddable":true,"href":"https:\/\/www.lohrer-mopper.de\/index.php?rest_route=\/wp\/v2\/users\/2"}],"replies":[{"embeddable":true,"href":"https:\/\/www.lohrer-mopper.de\/index.php?rest_route=%2Fwp%2Fv2%2Fcomments&post=6267"}],"version-history":[{"count":18,"href":"https:\/\/www.lohrer-mopper.de\/index.php?rest_route=\/wp\/v2\/pages\/6267\/revisions"}],"predecessor-version":[{"id":20034,"href":"https:\/\/www.lohrer-mopper.de\/index.php?rest_route=\/wp\/v2\/pages\/6267\/revisions\/20034"}],"wp:attachment":[{"href":"https:\/\/www.lohrer-mopper.de\/index.php?rest_route=%2Fwp%2Fv2%2Fmedia&parent=6267"}],"curies":[{"name":"wp","href":"https:\/\/api.w.org\/{rel}","templated":true}]}}