{"id":6266,"date":"2019-02-20T17:43:12","date_gmt":"2019-02-20T16:43:12","guid":{"rendered":"http:\/\/www.bnmsp.de\/home\/lohrer-mopper\/wp\/?page_id=6266"},"modified":"2019-12-19T08:43:51","modified_gmt":"2019-12-19T07:43:51","slug":"buettenredner","status":"publish","type":"page","link":"https:\/\/www.lohrer-mopper.de\/?page_id=6266","title":{"rendered":"B\u00fcttenredner"},"content":{"rendered":"\n<p>Johanna Franz, Jakob Franz, Wito Schmidt, Reinhard Breitenbach, Michael Schecher, Franz Wilhelm Weis, Annelise Herteux, Michaela Franz-Herteux, Arno Schmitt, Carola Schrauth, Benedikt Schmitt, Barbara Gabel, Michael Lutz, G\u00fcnter Lutz, Christoph M\u00fcller, Sandra Stegerwald, Stefan Petschner, Claudia R\u00fccker, Georgia Viola-Richartz<\/p>\n\n\n\n<!-- default-view.php -->\n<div\n\tclass=\"ngg-galleryoverview default-view \"\n\tid=\"ngg-gallery-0b9e80ef4bc1b2905232919a1222c581-1\">\n\n\t\t<!-- Thumbnails -->\n\t\t\t\t<div id=\"ngg-image-0\" class=\"ngg-gallery-thumbnail-box ngg-3-columns\" >\n\t\t\t\t        <div class=\"ngg-gallery-thumbnail\">\n            <a href=\"https:\/\/www.lohrer-mopper.de\/wp-content\/gallery\/buettenredner\/6O9rSk-.jpeg.jpg\"\n               title=\"\"\n               data-src=\"https:\/\/www.lohrer-mopper.de\/wp-content\/gallery\/buettenredner\/6O9rSk-.jpeg.jpg\"\n               data-thumbnail=\"https:\/\/www.lohrer-mopper.de\/wp-content\/gallery\/buettenredner\/thumbs\/thumbs_6O9rSk-.jpeg.jpg\"\n               data-image-id=\"194\"\n               data-title=\"Stefan Petschner &amp; G\u00fcnther Lutz\"\n               data-description=\"\"\n               data-image-slug=\"6o9rsk-jpeg\"\n               class=\"ngg-simplelightbox\" rel=\"0b9e80ef4bc1b2905232919a1222c581\">\n                <img\n                    title=\"Stefan Petschner &amp; G\u00fcnther Lutz\"\n                    alt=\"Stefan Petschner &amp; G\u00fcnther Lutz\"\n                    src=\"https:\/\/www.lohrer-mopper.de\/wp-content\/gallery\/buettenredner\/thumbs\/thumbs_6O9rSk-.jpeg.jpg\"\n                    width=\"240\"\n                    height=\"160\"\n                    style=\"max-width:100%;\"\n                \/>\n            <\/a>\n        <\/div>\n\t\t\t\t\t\t\t<\/div> \n\t\t\t\n\t\t\t\t<div id=\"ngg-image-1\" class=\"ngg-gallery-thumbnail-box ngg-3-columns\" >\n\t\t\t\t        <div class=\"ngg-gallery-thumbnail\">\n            <a href=\"https:\/\/www.lohrer-mopper.de\/wp-content\/gallery\/buettenredner\/5PisO-a5.jpeg.jpg\"\n               title=\"\"\n               data-src=\"https:\/\/www.lohrer-mopper.de\/wp-content\/gallery\/buettenredner\/5PisO-a5.jpeg.jpg\"\n               data-thumbnail=\"https:\/\/www.lohrer-mopper.de\/wp-content\/gallery\/buettenredner\/thumbs\/thumbs_5PisO-a5.jpeg.jpg\"\n               data-image-id=\"195\"\n               data-title=\"Annelise Herteux\"\n               data-description=\"\"\n               data-image-slug=\"5piso-a5-jpeg\"\n               class=\"ngg-simplelightbox\" rel=\"0b9e80ef4bc1b2905232919a1222c581\">\n                <img\n                    title=\"Annelise Herteux\"\n                    alt=\"Annelise Herteux\"\n                    src=\"https:\/\/www.lohrer-mopper.de\/wp-content\/gallery\/buettenredner\/thumbs\/thumbs_5PisO-a5.jpeg.jpg\"\n                    width=\"240\"\n                    height=\"160\"\n                    style=\"max-width:100%;\"\n                \/>\n            <\/a>\n        <\/div>\n\t\t\t\t\t\t\t<\/div> \n\t\t\t\n\t\t\t\t<div id=\"ngg-image-2\" class=\"ngg-gallery-thumbnail-box ngg-3-columns\" >\n\t\t\t\t        <div class=\"ngg-gallery-thumbnail\">\n            <a href=\"https:\/\/www.lohrer-mopper.de\/wp-content\/gallery\/buettenredner\/3b-OuZWQ.jpeg.jpg\"\n               title=\"\"\n               data-src=\"https:\/\/www.lohrer-mopper.de\/wp-content\/gallery\/buettenredner\/3b-OuZWQ.jpeg.jpg\"\n               data-thumbnail=\"https:\/\/www.lohrer-mopper.de\/wp-content\/gallery\/buettenredner\/thumbs\/thumbs_3b-OuZWQ.jpeg.jpg\"\n               data-image-id=\"196\"\n               data-title=\"Reinhard Beitenbach\"\n               data-description=\"\"\n               data-image-slug=\"3b-ouzwq-jpeg\"\n               class=\"ngg-simplelightbox\" rel=\"0b9e80ef4bc1b2905232919a1222c581\">\n                <img\n                    title=\"Reinhard Beitenbach\"\n                    alt=\"Reinhard Beitenbach\"\n                    src=\"https:\/\/www.lohrer-mopper.de\/wp-content\/gallery\/buettenredner\/thumbs\/thumbs_3b-OuZWQ.jpeg.jpg\"\n                    width=\"240\"\n                    height=\"160\"\n                    style=\"max-width:100%;\"\n                \/>\n            <\/a>\n        <\/div>\n\t\t\t\t\t\t\t<\/div> \n\t\t\t\n\t\t\t\t<div id=\"ngg-image-3\" class=\"ngg-gallery-thumbnail-box ngg-3-columns\" >\n\t\t\t\t        <div class=\"ngg-gallery-thumbnail\">\n            <a href=\"https:\/\/www.lohrer-mopper.de\/wp-content\/gallery\/buettenredner\/5905ChrJ.jpeg.jpg\"\n               title=\"\"\n               data-src=\"https:\/\/www.lohrer-mopper.de\/wp-content\/gallery\/buettenredner\/5905ChrJ.jpeg.jpg\"\n               data-thumbnail=\"https:\/\/www.lohrer-mopper.de\/wp-content\/gallery\/buettenredner\/thumbs\/thumbs_5905ChrJ.jpeg.jpg\"\n               data-image-id=\"197\"\n               data-title=\"G\u00fcnther Lutz\"\n               data-description=\"\"\n               data-image-slug=\"5905chrj-jpeg\"\n               class=\"ngg-simplelightbox\" rel=\"0b9e80ef4bc1b2905232919a1222c581\">\n                <img\n                    title=\"G\u00fcnther Lutz\"\n                    alt=\"G\u00fcnther Lutz\"\n                    src=\"https:\/\/www.lohrer-mopper.de\/wp-content\/gallery\/buettenredner\/thumbs\/thumbs_5905ChrJ.jpeg.jpg\"\n                    width=\"240\"\n                    height=\"160\"\n                    style=\"max-width:100%;\"\n                \/>\n            <\/a>\n        <\/div>\n\t\t\t\t\t\t\t<\/div> \n\t\t\t\n\t\t\t\t<div id=\"ngg-image-4\" class=\"ngg-gallery-thumbnail-box ngg-3-columns\" >\n\t\t\t\t        <div class=\"ngg-gallery-thumbnail\">\n            <a href=\"https:\/\/www.lohrer-mopper.de\/wp-content\/gallery\/buettenredner\/dZD1CN8u.jpeg.jpg\"\n               title=\"\"\n               data-src=\"https:\/\/www.lohrer-mopper.de\/wp-content\/gallery\/buettenredner\/dZD1CN8u.jpeg.jpg\"\n               data-thumbnail=\"https:\/\/www.lohrer-mopper.de\/wp-content\/gallery\/buettenredner\/thumbs\/thumbs_dZD1CN8u.jpeg.jpg\"\n               data-image-id=\"198\"\n               data-title=\"Sandra Stegerwald\"\n               data-description=\"\"\n               data-image-slug=\"dzd1cn8u-jpeg\"\n               class=\"ngg-simplelightbox\" rel=\"0b9e80ef4bc1b2905232919a1222c581\">\n                <img\n                    title=\"Sandra Stegerwald\"\n                    alt=\"Sandra Stegerwald\"\n                    src=\"https:\/\/www.lohrer-mopper.de\/wp-content\/gallery\/buettenredner\/thumbs\/thumbs_dZD1CN8u.jpeg.jpg\"\n                    width=\"240\"\n                    height=\"160\"\n                    style=\"max-width:100%;\"\n                \/>\n            <\/a>\n        <\/div>\n\t\t\t\t\t\t\t<\/div> \n\t\t\t\n\t\t\t\t<div id=\"ngg-image-5\" class=\"ngg-gallery-thumbnail-box ngg-3-columns\" >\n\t\t\t\t        <div class=\"ngg-gallery-thumbnail\">\n            <a href=\"https:\/\/www.lohrer-mopper.de\/wp-content\/gallery\/buettenredner\/FbrgP8yw.jpeg.jpg\"\n               title=\"\"\n               data-src=\"https:\/\/www.lohrer-mopper.de\/wp-content\/gallery\/buettenredner\/FbrgP8yw.jpeg.jpg\"\n               data-thumbnail=\"https:\/\/www.lohrer-mopper.de\/wp-content\/gallery\/buettenredner\/thumbs\/thumbs_FbrgP8yw.jpeg.jpg\"\n               data-image-id=\"199\"\n               data-title=\"Die Nachtschw\u00e4rmer\"\n               data-description=\"\"\n               data-image-slug=\"fbrgp8yw-jpeg\"\n               class=\"ngg-simplelightbox\" rel=\"0b9e80ef4bc1b2905232919a1222c581\">\n                <img\n                    title=\"Die Nachtschw\u00e4rmer\"\n                    alt=\"Die Nachtschw\u00e4rmer\"\n                    src=\"https:\/\/www.lohrer-mopper.de\/wp-content\/gallery\/buettenredner\/thumbs\/thumbs_FbrgP8yw.jpeg.jpg\"\n                    width=\"240\"\n                    height=\"160\"\n                    style=\"max-width:100%;\"\n                \/>\n            <\/a>\n        <\/div>\n\t\t\t\t\t\t\t<\/div> \n\t\t\t\n\t\t\t\t<div id=\"ngg-image-6\" class=\"ngg-gallery-thumbnail-box ngg-3-columns\" >\n\t\t\t\t        <div class=\"ngg-gallery-thumbnail\">\n            <a href=\"https:\/\/www.lohrer-mopper.de\/wp-content\/gallery\/buettenredner\/Ieh44EQA.jpeg.jpg\"\n               title=\"\"\n               data-src=\"https:\/\/www.lohrer-mopper.de\/wp-content\/gallery\/buettenredner\/Ieh44EQA.jpeg.jpg\"\n               data-thumbnail=\"https:\/\/www.lohrer-mopper.de\/wp-content\/gallery\/buettenredner\/thumbs\/thumbs_Ieh44EQA.jpeg.jpg\"\n               data-image-id=\"200\"\n               data-title=\"Wito Schmidt\"\n               data-description=\"\"\n               data-image-slug=\"ieh44eqa-jpeg\"\n               class=\"ngg-simplelightbox\" rel=\"0b9e80ef4bc1b2905232919a1222c581\">\n                <img\n                    title=\"Wito Schmidt\"\n                    alt=\"Wito Schmidt\"\n                    src=\"https:\/\/www.lohrer-mopper.de\/wp-content\/gallery\/buettenredner\/thumbs\/thumbs_Ieh44EQA.jpeg.jpg\"\n                    width=\"240\"\n                    height=\"160\"\n                    style=\"max-width:100%;\"\n                \/>\n            <\/a>\n        <\/div>\n\t\t\t\t\t\t\t<\/div> \n\t\t\t\n\t\t\t\t<div id=\"ngg-image-7\" class=\"ngg-gallery-thumbnail-box ngg-3-columns\" >\n\t\t\t\t        <div class=\"ngg-gallery-thumbnail\">\n            <a href=\"https:\/\/www.lohrer-mopper.de\/wp-content\/gallery\/buettenredner\/JkE3POBy.jpeg.jpg\"\n               title=\"\"\n               data-src=\"https:\/\/www.lohrer-mopper.de\/wp-content\/gallery\/buettenredner\/JkE3POBy.jpeg.jpg\"\n               data-thumbnail=\"https:\/\/www.lohrer-mopper.de\/wp-content\/gallery\/buettenredner\/thumbs\/thumbs_JkE3POBy.jpeg.jpg\"\n               data-image-id=\"201\"\n               data-title=\"Claudia R\u00fccker\"\n               data-description=\"\"\n               data-image-slug=\"jke3poby-jpeg\"\n               class=\"ngg-simplelightbox\" rel=\"0b9e80ef4bc1b2905232919a1222c581\">\n                <img\n                    title=\"Claudia R\u00fccker\"\n                    alt=\"Claudia R\u00fccker\"\n                    src=\"https:\/\/www.lohrer-mopper.de\/wp-content\/gallery\/buettenredner\/thumbs\/thumbs_JkE3POBy.jpeg.jpg\"\n                    width=\"240\"\n                    height=\"160\"\n                    style=\"max-width:100%;\"\n                \/>\n            <\/a>\n        <\/div>\n\t\t\t\t\t\t\t<\/div> \n\t\t\t\n\t\t\t\t<div id=\"ngg-image-8\" class=\"ngg-gallery-thumbnail-box ngg-3-columns\" >\n\t\t\t\t        <div class=\"ngg-gallery-thumbnail\">\n            <a href=\"https:\/\/www.lohrer-mopper.de\/wp-content\/gallery\/buettenredner\/JOqyfHWx.jpeg.jpg\"\n               title=\"\"\n               data-src=\"https:\/\/www.lohrer-mopper.de\/wp-content\/gallery\/buettenredner\/JOqyfHWx.jpeg.jpg\"\n               data-thumbnail=\"https:\/\/www.lohrer-mopper.de\/wp-content\/gallery\/buettenredner\/thumbs\/thumbs_JOqyfHWx.jpeg.jpg\"\n               data-image-id=\"202\"\n               data-title=\"Benedikt Schmitt\"\n               data-description=\"\"\n               data-image-slug=\"joqyfhwx-jpeg\"\n               class=\"ngg-simplelightbox\" rel=\"0b9e80ef4bc1b2905232919a1222c581\">\n                <img\n                    title=\"Benedikt Schmitt\"\n                    alt=\"Benedikt Schmitt\"\n                    src=\"https:\/\/www.lohrer-mopper.de\/wp-content\/gallery\/buettenredner\/thumbs\/thumbs_JOqyfHWx.jpeg.jpg\"\n                    width=\"240\"\n                    height=\"160\"\n                    style=\"max-width:100%;\"\n                \/>\n            <\/a>\n        <\/div>\n\t\t\t\t\t\t\t<\/div> \n\t\t\t\n\t\t\t\t<div id=\"ngg-image-9\" class=\"ngg-gallery-thumbnail-box ngg-3-columns\" >\n\t\t\t\t        <div class=\"ngg-gallery-thumbnail\">\n            <a href=\"https:\/\/www.lohrer-mopper.de\/wp-content\/gallery\/buettenredner\/juAew_b4.jpeg.jpg\"\n               title=\"\"\n               data-src=\"https:\/\/www.lohrer-mopper.de\/wp-content\/gallery\/buettenredner\/juAew_b4.jpeg.jpg\"\n               data-thumbnail=\"https:\/\/www.lohrer-mopper.de\/wp-content\/gallery\/buettenredner\/thumbs\/thumbs_juAew_b4.jpeg.jpg\"\n               data-image-id=\"203\"\n               data-title=\"Michael Schecher\"\n               data-description=\"\"\n               data-image-slug=\"juaew_b4-jpeg\"\n               class=\"ngg-simplelightbox\" rel=\"0b9e80ef4bc1b2905232919a1222c581\">\n                <img\n                    title=\"Michael Schecher\"\n                    alt=\"Michael Schecher\"\n                    src=\"https:\/\/www.lohrer-mopper.de\/wp-content\/gallery\/buettenredner\/thumbs\/thumbs_juAew_b4.jpeg.jpg\"\n                    width=\"240\"\n                    height=\"160\"\n                    style=\"max-width:100%;\"\n                \/>\n            <\/a>\n        <\/div>\n\t\t\t\t\t\t\t<\/div> \n\t\t\t\n\t\t\t\t<div id=\"ngg-image-10\" class=\"ngg-gallery-thumbnail-box ngg-3-columns\" >\n\t\t\t\t        <div class=\"ngg-gallery-thumbnail\">\n            <a href=\"https:\/\/www.lohrer-mopper.de\/wp-content\/gallery\/buettenredner\/QfdYwCLt.jpeg.jpg\"\n               title=\"\"\n               data-src=\"https:\/\/www.lohrer-mopper.de\/wp-content\/gallery\/buettenredner\/QfdYwCLt.jpeg.jpg\"\n               data-thumbnail=\"https:\/\/www.lohrer-mopper.de\/wp-content\/gallery\/buettenredner\/thumbs\/thumbs_QfdYwCLt.jpeg.jpg\"\n               data-image-id=\"204\"\n               data-title=\"Michael Lutz\"\n               data-description=\"\"\n               data-image-slug=\"qfdywclt-jpeg\"\n               class=\"ngg-simplelightbox\" rel=\"0b9e80ef4bc1b2905232919a1222c581\">\n                <img\n                    title=\"Michael Lutz\"\n                    alt=\"Michael Lutz\"\n                    src=\"https:\/\/www.lohrer-mopper.de\/wp-content\/gallery\/buettenredner\/thumbs\/thumbs_QfdYwCLt.jpeg.jpg\"\n                    width=\"240\"\n                    height=\"160\"\n                    style=\"max-width:100%;\"\n                \/>\n            <\/a>\n        <\/div>\n\t\t\t\t\t\t\t<\/div> \n\t\t\t\n\t\t\t\t<div id=\"ngg-image-11\" class=\"ngg-gallery-thumbnail-box ngg-3-columns\" >\n\t\t\t\t        <div class=\"ngg-gallery-thumbnail\">\n            <a href=\"https:\/\/www.lohrer-mopper.de\/wp-content\/gallery\/buettenredner\/reAUZ4Rw.jpeg.jpg\"\n               title=\"\"\n               data-src=\"https:\/\/www.lohrer-mopper.de\/wp-content\/gallery\/buettenredner\/reAUZ4Rw.jpeg.jpg\"\n               data-thumbnail=\"https:\/\/www.lohrer-mopper.de\/wp-content\/gallery\/buettenredner\/thumbs\/thumbs_reAUZ4Rw.jpeg.jpg\"\n               data-image-id=\"205\"\n               data-title=\"Jakob Franz\"\n               data-description=\"\"\n               data-image-slug=\"reauz4rw-jpeg\"\n               class=\"ngg-simplelightbox\" rel=\"0b9e80ef4bc1b2905232919a1222c581\">\n                <img\n                    title=\"Jakob Franz\"\n                    alt=\"Jakob Franz\"\n                    src=\"https:\/\/www.lohrer-mopper.de\/wp-content\/gallery\/buettenredner\/thumbs\/thumbs_reAUZ4Rw.jpeg.jpg\"\n                    width=\"240\"\n                    height=\"160\"\n                    style=\"max-width:100%;\"\n                \/>\n            <\/a>\n        <\/div>\n\t\t\t\t\t\t\t<\/div> \n\t\t\t\n\t\t\t\t<div id=\"ngg-image-12\" class=\"ngg-gallery-thumbnail-box ngg-3-columns\" >\n\t\t\t\t        <div class=\"ngg-gallery-thumbnail\">\n            <a href=\"https:\/\/www.lohrer-mopper.de\/wp-content\/gallery\/buettenredner\/V0sselxa.jpeg.jpg\"\n               title=\"\"\n               data-src=\"https:\/\/www.lohrer-mopper.de\/wp-content\/gallery\/buettenredner\/V0sselxa.jpeg.jpg\"\n               data-thumbnail=\"https:\/\/www.lohrer-mopper.de\/wp-content\/gallery\/buettenredner\/thumbs\/thumbs_V0sselxa.jpeg.jpg\"\n               data-image-id=\"206\"\n               data-title=\"Franz Wilhelm Weis\"\n               data-description=\"\"\n               data-image-slug=\"v0sselxa-jpeg\"\n               class=\"ngg-simplelightbox\" rel=\"0b9e80ef4bc1b2905232919a1222c581\">\n                <img\n                    title=\"Franz Wilhelm Weis\"\n                    alt=\"Franz Wilhelm Weis\"\n                    src=\"https:\/\/www.lohrer-mopper.de\/wp-content\/gallery\/buettenredner\/thumbs\/thumbs_V0sselxa.jpeg.jpg\"\n                    width=\"240\"\n                    height=\"160\"\n                    style=\"max-width:100%;\"\n                \/>\n            <\/a>\n        <\/div>\n\t\t\t\t\t\t\t<\/div> \n\t\t\t\n\t\t\t\t<div id=\"ngg-image-13\" class=\"ngg-gallery-thumbnail-box ngg-3-columns\" >\n\t\t\t\t        <div class=\"ngg-gallery-thumbnail\">\n            <a href=\"https:\/\/www.lohrer-mopper.de\/wp-content\/gallery\/buettenredner\/wMkrAHwW.jpeg.jpg\"\n               title=\"\"\n               data-src=\"https:\/\/www.lohrer-mopper.de\/wp-content\/gallery\/buettenredner\/wMkrAHwW.jpeg.jpg\"\n               data-thumbnail=\"https:\/\/www.lohrer-mopper.de\/wp-content\/gallery\/buettenredner\/thumbs\/thumbs_wMkrAHwW.jpeg.jpg\"\n               data-image-id=\"207\"\n               data-title=\"Barbara Gabel\"\n               data-description=\"\"\n               data-image-slug=\"wmkrahww-jpeg\"\n               class=\"ngg-simplelightbox\" rel=\"0b9e80ef4bc1b2905232919a1222c581\">\n                <img\n                    title=\"Barbara Gabel\"\n                    alt=\"Barbara Gabel\"\n                    src=\"https:\/\/www.lohrer-mopper.de\/wp-content\/gallery\/buettenredner\/thumbs\/thumbs_wMkrAHwW.jpeg.jpg\"\n                    width=\"240\"\n                    height=\"160\"\n                    style=\"max-width:100%;\"\n                \/>\n            <\/a>\n        <\/div>\n\t\t\t\t\t\t\t<\/div> \n\t\t\t\n\t\t\t\t<div id=\"ngg-image-14\" class=\"ngg-gallery-thumbnail-box ngg-3-columns\" >\n\t\t\t\t        <div class=\"ngg-gallery-thumbnail\">\n            <a href=\"https:\/\/www.lohrer-mopper.de\/wp-content\/gallery\/buettenredner\/YTa7W-LY.jpeg.jpg\"\n               title=\"\"\n               data-src=\"https:\/\/www.lohrer-mopper.de\/wp-content\/gallery\/buettenredner\/YTa7W-LY.jpeg.jpg\"\n               data-thumbnail=\"https:\/\/www.lohrer-mopper.de\/wp-content\/gallery\/buettenredner\/thumbs\/thumbs_YTa7W-LY.jpeg.jpg\"\n               data-image-id=\"208\"\n               data-title=\"Michaela Franz-Herteux\"\n               data-description=\"\"\n               data-image-slug=\"yta7w-ly-jpeg\"\n               class=\"ngg-simplelightbox\" rel=\"0b9e80ef4bc1b2905232919a1222c581\">\n                <img\n                    title=\"Michaela Franz-Herteux\"\n                    alt=\"Michaela Franz-Herteux\"\n                    src=\"https:\/\/www.lohrer-mopper.de\/wp-content\/gallery\/buettenredner\/thumbs\/thumbs_YTa7W-LY.jpeg.jpg\"\n                    width=\"240\"\n                    height=\"160\"\n                    style=\"max-width:100%;\"\n                \/>\n            <\/a>\n        <\/div>\n\t\t\t\t\t\t\t<\/div> \n\t\t\t\n\t\t\t\t<div id=\"ngg-image-15\" class=\"ngg-gallery-thumbnail-box ngg-3-columns\" >\n\t\t\t\t        <div class=\"ngg-gallery-thumbnail\">\n            <a href=\"https:\/\/www.lohrer-mopper.de\/wp-content\/gallery\/buettenredner\/Vz-X9z0h.jpeg.jpg\"\n               title=\"\"\n               data-src=\"https:\/\/www.lohrer-mopper.de\/wp-content\/gallery\/buettenredner\/Vz-X9z0h.jpeg.jpg\"\n               data-thumbnail=\"https:\/\/www.lohrer-mopper.de\/wp-content\/gallery\/buettenredner\/thumbs\/thumbs_Vz-X9z0h.jpeg.jpg\"\n               data-image-id=\"209\"\n               data-title=\"Carola Schrauth\"\n               data-description=\"\"\n               data-image-slug=\"vz-x9z0h-jpeg\"\n               class=\"ngg-simplelightbox\" rel=\"0b9e80ef4bc1b2905232919a1222c581\">\n                <img\n                    title=\"Carola Schrauth\"\n                    alt=\"Carola Schrauth\"\n                    src=\"https:\/\/www.lohrer-mopper.de\/wp-content\/gallery\/buettenredner\/thumbs\/thumbs_Vz-X9z0h.jpeg.jpg\"\n                    width=\"240\"\n                    height=\"160\"\n                    style=\"max-width:100%;\"\n                \/>\n            <\/a>\n        <\/div>\n\t\t\t\t\t\t\t<\/div> \n\t\t\t\n\t\t\t\t<div id=\"ngg-image-16\" class=\"ngg-gallery-thumbnail-box ngg-3-columns\" >\n\t\t\t\t        <div class=\"ngg-gallery-thumbnail\">\n            <a href=\"https:\/\/www.lohrer-mopper.de\/wp-content\/gallery\/buettenredner\/qH3TDuvF.jpeg.jpg\"\n               title=\"\"\n               data-src=\"https:\/\/www.lohrer-mopper.de\/wp-content\/gallery\/buettenredner\/qH3TDuvF.jpeg.jpg\"\n               data-thumbnail=\"https:\/\/www.lohrer-mopper.de\/wp-content\/gallery\/buettenredner\/thumbs\/thumbs_qH3TDuvF.jpeg.jpg\"\n               data-image-id=\"210\"\n               data-title=\"Christoph M\u00fcller\"\n               data-description=\"\"\n               data-image-slug=\"qh3tduvf-jpeg\"\n               class=\"ngg-simplelightbox\" rel=\"0b9e80ef4bc1b2905232919a1222c581\">\n                <img\n                    title=\"Christoph M\u00fcller\"\n                    alt=\"Christoph M\u00fcller\"\n                    src=\"https:\/\/www.lohrer-mopper.de\/wp-content\/gallery\/buettenredner\/thumbs\/thumbs_qH3TDuvF.jpeg.jpg\"\n                    width=\"240\"\n                    height=\"160\"\n                    style=\"max-width:100%;\"\n                \/>\n            <\/a>\n        <\/div>\n\t\t\t\t\t\t\t<\/div> \n\t\t\t\n\t\t\t\t<div id=\"ngg-image-17\" class=\"ngg-gallery-thumbnail-box ngg-3-columns\" >\n\t\t\t\t        <div class=\"ngg-gallery-thumbnail\">\n            <a href=\"https:\/\/www.lohrer-mopper.de\/wp-content\/gallery\/buettenredner\/9yzKxy7a.jpeg.jpg\"\n               title=\"\"\n               data-src=\"https:\/\/www.lohrer-mopper.de\/wp-content\/gallery\/buettenredner\/9yzKxy7a.jpeg.jpg\"\n               data-thumbnail=\"https:\/\/www.lohrer-mopper.de\/wp-content\/gallery\/buettenredner\/thumbs\/thumbs_9yzKxy7a.jpeg.jpg\"\n               data-image-id=\"211\"\n               data-title=\"Johanna Franz\"\n               data-description=\"\"\n               data-image-slug=\"9yzkxy7a-jpeg\"\n               class=\"ngg-simplelightbox\" rel=\"0b9e80ef4bc1b2905232919a1222c581\">\n                <img\n                    title=\"Johanna Franz\"\n                    alt=\"Johanna Franz\"\n                    src=\"https:\/\/www.lohrer-mopper.de\/wp-content\/gallery\/buettenredner\/thumbs\/thumbs_9yzKxy7a.jpeg.jpg\"\n                    width=\"240\"\n                    height=\"160\"\n                    style=\"max-width:100%;\"\n                \/>\n            <\/a>\n        <\/div>\n\t\t\t\t\t\t\t<\/div> \n\t\t\t\n\t\n\t<br style=\"clear: both\" \/>\n\n\t\n\t\t<!-- Pagination -->\n\t<div class='ngg-clear'><\/div>\t<\/div>\n\n","protected":false},"excerpt":{"rendered":"<p>Johanna Franz, Jakob Franz, Wito Schmidt, Reinhard Breitenbach, Michael Schecher, Franz Wilhelm Weis, Annelise Herteux, Michaela Franz-Herteux, Arno Schmitt, Carola Schrauth, Benedikt Schmitt, Barbara Gabel, Michael Lutz, G\u00fcnter Lutz, Christoph M\u00fcller, Sandra Stegerwald, Stefan Petschner, Claudia R\u00fccker, Georgia Viola-Richartz<\/p>\n","protected":false},"author":2,"featured_media":0,"parent":0,"menu_order":0,"comment_status":"closed","ping_status":"closed","template":"","meta":{"ngg_post_thumbnail":0,"_links_to":"","_links_to_target":""},"_links":{"self":[{"href":"https:\/\/www.lohrer-mopper.de\/index.php?rest_route=\/wp\/v2\/pages\/6266"}],"collection":[{"href":"https:\/\/www.lohrer-mopper.de\/index.php?rest_route=\/wp\/v2\/pages"}],"about":[{"href":"https:\/\/www.lohrer-mopper.de\/index.php?rest_route=\/wp\/v2\/types\/page"}],"author":[{"embeddable":true,"href":"https:\/\/www.lohrer-mopper.de\/index.php?rest_route=\/wp\/v2\/users\/2"}],"replies":[{"embeddable":true,"href":"https:\/\/www.lohrer-mopper.de\/index.php?rest_route=%2Fwp%2Fv2%2Fcomments&post=6266"}],"version-history":[{"count":6,"href":"https:\/\/www.lohrer-mopper.de\/index.php?rest_route=\/wp\/v2\/pages\/6266\/revisions"}],"predecessor-version":[{"id":16915,"href":"https:\/\/www.lohrer-mopper.de\/index.php?rest_route=\/wp\/v2\/pages\/6266\/revisions\/16915"}],"wp:attachment":[{"href":"https:\/\/www.lohrer-mopper.de\/index.php?rest_route=%2Fwp%2Fv2%2Fmedia&parent=6266"}],"curies":[{"name":"wp","href":"https:\/\/api.w.org\/{rel}","templated":true}]}}