{"id":19569,"date":"2024-09-11T06:31:04","date_gmt":"2024-09-11T05:31:04","guid":{"rendered":"https:\/\/www.lohrer-mopper.de\/?page_id=19569"},"modified":"2026-01-12T07:21:24","modified_gmt":"2026-01-12T06:21:24","slug":"kartenvorverkauf-2","status":"publish","type":"page","link":"https:\/\/www.lohrer-mopper.de\/?page_id=19569","title":{"rendered":"Karten f\u00fcr unsere Elferratssitzungen"},"content":{"rendered":"\n<p><strong>Abholung der reservierten Karten am 09.01.2026: <\/strong><\/p>\n\n\n\n<p>Alle reservierten Karten m\u00fcssen am 09.01.2026 von 16:00-18:00 Uhr im Schuh + Sport Schwind abgeholt und bezahlt werden. Alle Restkarten werden ebenfalls an diesem Termin und in den Wochen danach zu den regul\u00e4ren \u00d6ffnungszeiten verkauft.<\/p>\n\n\n\n<p>Aufgrund der gro\u00dfen Nachfrage haben wir beschlossen eine&nbsp;<strong>3. Elferratssitzung<\/strong>&nbsp;<strong>am 14.02.2026&nbsp;<\/strong>anzubieten.<\/p>\n\n\n\n<p>Unsere Elferratssitzungen werden in der kommenden Session&nbsp;<strong>alle im Pfarrheim St. Michael stattfinden<\/strong>. Sitzung ausw\u00e4hlen und Karten online reservieren:<\/p>\n\n\n\n<ol><li><strong><a href=\"https:\/\/www.lohrer-mopper.de\/?page_id=20140\"><s>Elferratssitzung im Pfarrheim St. Michael: 30.01.2026 um 19:00 Uhr<\/s><\/a><\/strong><\/li><li><s><a href=\"https:\/\/www.lohrer-mopper.de\/?page_id=20138\"><strong>Elferratssitzung im Pfarrheim St. Michael: 31.01.2026 um 17:00 Uhr<\/strong><\/a><\/s><\/li><li><strong><a href=\"https:\/\/www.lohrer-mopper.de\/?page_id=20246\" data-type=\"URL\" data-id=\"https:\/\/www.lohrer-mopper.de\/?page_id=20246\">Elferratssitzung im Pfarrheim St. Michael: 14.02.2026 um 17:00 Uhr<\/a><\/strong><\/li><\/ol>\n\n\n\n<p><strong>Die 1. und 2. Elferratssitzung sind bereits ausgebucht. Es gibt noch Karten f\u00fcr die 3. Elferratssitzung am 14.02.2026.<\/strong><\/p>\n\n\n\n<p>Wir hoffen wirklich sehr, dass ihr uns trotz der Termin- und Ortsverlegung weiterhin so tatkr\u00e4ftig unterst\u00fctzt wie in den letzten Jahren und freuen uns, wenn ihr es m\u00f6glich macht unsere Elferratssitzungen zu besuchen.<\/p>\n\n\n\n<p>F\u00fcr Speisen und Getr\u00e4nke ist wie immer bestens gesorgt.<\/p>\n","protected":false},"excerpt":{"rendered":"<p>Abholung der reservierten Karten am 09.01.2026: Alle reservierten Karten m\u00fcssen am 09.01.2026 von 16:00-18:00 Uhr im Schuh + Sport Schwind abgeholt und bezahlt werden. Alle Restkarten werden ebenfalls an diesem Termin und in den Wochen danach zu den regul\u00e4ren \u00d6ffnungszeiten verkauft. Aufgrund der gro\u00dfen Nachfrage haben wir beschlossen eine&nbsp;3. Elferratssitzung&nbsp;am 14.02.2026&nbsp;anzubieten. Unsere Elferratssitzungen werden in &hellip; <a href=\"https:\/\/www.lohrer-mopper.de\/?page_id=19569\" class=\"more-link\"><span class=\"screen-reader-text\">Karten f\u00fcr unsere Elferratssitzungen<\/span> weiterlesen <span class=\"meta-nav\">&rarr;<\/span><\/a><\/p>\n","protected":false},"author":2,"featured_media":0,"parent":0,"menu_order":0,"comment_status":"closed","ping_status":"closed","template":"","meta":{"ngg_post_thumbnail":0,"_links_to":"","_links_to_target":""},"_links":{"self":[{"href":"https:\/\/www.lohrer-mopper.de\/index.php?rest_route=\/wp\/v2\/pages\/19569"}],"collection":[{"href":"https:\/\/www.lohrer-mopper.de\/index.php?rest_route=\/wp\/v2\/pages"}],"about":[{"href":"https:\/\/www.lohrer-mopper.de\/index.php?rest_route=\/wp\/v2\/types\/page"}],"author":[{"embeddable":true,"href":"https:\/\/www.lohrer-mopper.de\/index.php?rest_route=\/wp\/v2\/users\/2"}],"replies":[{"embeddable":true,"href":"https:\/\/www.lohrer-mopper.de\/index.php?rest_route=%2Fwp%2Fv2%2Fcomments&post=19569"}],"version-history":[{"count":24,"href":"https:\/\/www.lohrer-mopper.de\/index.php?rest_route=\/wp\/v2\/pages\/19569\/revisions"}],"predecessor-version":[{"id":20277,"href":"https:\/\/www.lohrer-mopper.de\/index.php?rest_route=\/wp\/v2\/pages\/19569\/revisions\/20277"}],"wp:attachment":[{"href":"https:\/\/www.lohrer-mopper.de\/index.php?rest_route=%2Fwp%2Fv2%2Fmedia&parent=19569"}],"curies":[{"name":"wp","href":"https:\/\/api.w.org\/{rel}","templated":true}]}}